{"id":31,"date":"2026-03-19T00:12:07","date_gmt":"2026-03-18T23:12:07","guid":{"rendered":"https:\/\/diegoxiloj.uproyecto.com\/?page_id=31"},"modified":"2026-04-02T06:27:44","modified_gmt":"2026-04-02T04:27:44","slug":"inicio","status":"publish","type":"page","link":"https:\/\/diegoxiloj.uproyecto.com\/","title":{"rendered":"Inicio"},"content":{"rendered":"<p>[et_pb_section fb_built=\u00bb1&#8243; _builder_version=\u00bb4.27.5&#8243; _module_preset=\u00bbdefault\u00bb background_video_mp4=\u00bbhttps:\/\/diegoxiloj.uproyecto.com\/wp-content\/uploads\/2026\/03\/Logo-animado-.mp4&#8243; module_alignment=\u00bbcenter\u00bb custom_padding=\u00bb65px||861px|||\u00bb border_radii=\u00bboff||||\u00bb global_colors_info=\u00bb{}\u00bb][\/et_pb_section][et_pb_section fb_built=\u00bb1&#8243; _builder_version=\u00bb4.27.5&#8243; _module_preset=\u00bbdefault\u00bb custom_padding=\u00bb0px||4px|||\u00bb global_colors_info=\u00bb{}\u00bb][et_pb_row column_structure=\u00bb2_5,3_5&#8243; _builder_version=\u00bb4.27.5&#8243; _module_preset=\u00bbdefault\u00bb custom_padding=\u00bb117px||127px|||\u00bb global_colors_info=\u00bb{}\u00bb][et_pb_column type=\u00bb2_5&#8243; _builder_version=\u00bb4.27.5&#8243; _module_preset=\u00bbdefault\u00bb global_colors_info=\u00bb{}\u00bb][dsm_flipbox flipbox_height=\u00bb451px\u00bb flipbox_height_tablet=\u00bb451px\u00bb flipbox_height_phone=\u00bb369px\u00bb flipbox_height_last_edited=\u00bbon|phone\u00bb _builder_version=\u00bb4.27.5&#8243; _module_preset=\u00bbdefault\u00bb height_tablet=\u00bb\u00bb height_phone=\u00bb\u00bb height_last_edited=\u00bbon|phone\u00bb max_height_tablet=\u00bb\u00bb max_height_phone=\u00bb\u00bb max_height_last_edited=\u00bbon|phone\u00bb border_radii=\u00bbon|32px|32px|32px|32px\u00bb global_colors_info=\u00bb{}\u00bb][dsm_flipbox_child image=\u00bbhttps:\/\/diegoxiloj.uproyecto.com\/wp-content\/uploads\/2026\/03\/Sin-titulo-1.gif\u00bb button_url_new_window=\u00bb1&#8243; _builder_version=\u00bb4.27.5&#8243; _module_preset=\u00bbdefault\u00bb global_colors_info=\u00bb{}\u00bb parent_header_level=\u00bbh4&#8243;][\/dsm_flipbox_child][dsm_flipbox_child image=\u00bbhttps:\/\/diegoxiloj.uproyecto.com\/wp-content\/uploads\/2026\/03\/Dojjo-ilustracion-1.gif\u00bb button_url_new_window=\u00bb1&#8243; _builder_version=\u00bb4.27.5&#8243; _module_preset=\u00bbdefault\u00bb global_colors_info=\u00bb{}\u00bb parent_header_level=\u00bbh4&#8243;][\/dsm_flipbox_child][\/dsm_flipbox][\/et_pb_column][et_pb_column type=\u00bb3_5&#8243; _builder_version=\u00bb4.27.5&#8243; _module_preset=\u00bbdefault\u00bb global_colors_info=\u00bb{}\u00bb][ba_animated_text prefix=\u00bbSimple Desing. \u00bb animated_text=\u00bb%91{%22value%22:%22Powerfull%22,%22checked%22:0,%22dragID%22:-1},{%22value%22:%22Icreible%22,%22checked%22:0,%22dragID%22:0},{%22value%22:%22Memorable%22,%22checked%22:0,%22dragID%22:1}%93&#8243; suffix=\u00bbBrands.\u00bb text_alignment=\u00bbcenter\u00bb animated_padding=\u00bb8px|16px|8px|16px|true|true\u00bb animated_bg=\u00bb#DCB8FF\u00bb animated_radius=\u00bbon|78px|78px|78px|78px\u00bb _builder_version=\u00bb4.27.5&#8243; _module_preset=\u00bbdefault\u00bb animated_font=\u00bbgrosa||||||||\u00bb animated_text_color=\u00bb#0a0505&#8243; animated_font_size=\u00bb34px\u00bb main_text_color=\u00bb#3979ff\u00bb text_orientation=\u00bbcenter\u00bb custom_padding=\u00bb203px|||||\u00bb hover_enabled=\u00bb0&#8243; global_colors_info=\u00bb{}\u00bb animated_font_size_last_edited=\u00bbon|phone\u00bb animated_font_size_phone=\u00bb17px\u00bb custom_padding_last_edited=\u00bbon|phone\u00bb custom_padding_phone=\u00bb106px||||false|false\u00bb sticky_enabled=\u00bb0&#8243; animated_font_size_tablet=\u00bb34px\u00bb custom_padding_tablet=\u00bb203px|||||\u00bb][\/ba_animated_text][\/et_pb_column][\/et_pb_row][\/et_pb_section][et_pb_section fb_built=\u00bb1&#8243; _builder_version=\u00bb4.27.5&#8243; _module_preset=\u00bbdefault\u00bb background_color=\u00bb#F2BB06&#8243; border_radii=\u00bboff||||\u00bb global_colors_info=\u00bb{}\u00bb][et_pb_row _builder_version=\u00bb4.27.5&#8243; _module_preset=\u00bbdefault\u00bb global_colors_info=\u00bb{}\u00bb][et_pb_column type=\u00bb4_4&#8243; _builder_version=\u00bb4.27.5&#8243; _module_preset=\u00bbdefault\u00bb global_colors_info=\u00bb{}\u00bb][dsm_text_divider header=\u00bbProyects. Experiences. Stories. By DOJJO\u00bb color=\u00bb#FF5B23&#8243; divider_style=\u00bbdashed\u00bb _builder_version=\u00bb4.27.5&#8243; _module_preset=\u00bbdefault\u00bb header_font=\u00bbgrosa||||||||\u00bb header_text_color=\u00bb#004BFF\u00bb header_font_size=\u00bb37px\u00bb global_colors_info=\u00bb{}\u00bb][\/dsm_text_divider][\/et_pb_column][\/et_pb_row][\/et_pb_section][et_pb_section fb_built=\u00bb1&#8243; _builder_version=\u00bb4.27.5&#8243; _module_preset=\u00bbdefault\u00bb background_color=\u00bb#F2BB06&#8243; custom_padding=\u00bb1px|||||\u00bb border_radii=\u00bboff||||\u00bb global_colors_info=\u00bb{}\u00bb][et_pb_row column_structure=\u00bb2_3,1_3&#8243; _builder_version=\u00bb4.27.5&#8243; _module_preset=\u00bbdefault\u00bb width=\u00bb88%\u00bb max_width=\u00bb1400px\u00bb global_colors_info=\u00bb{}\u00bb][et_pb_column type=\u00bb2_3&#8243; _builder_version=\u00bb4.27.5&#8243; _module_preset=\u00bbdefault\u00bb global_colors_info=\u00bb{}\u00bb][et_pb_image src=\u00bbhttps:\/\/diegoxiloj.uproyecto.com\/wp-content\/uploads\/2026\/03\/Mockup-poster-de-instagram-scaled.jpg\u00bb title_text=\u00bbMockup poster de instagram\u00bb url=\u00bb@ET-DC@eyJkeW5hbWljIjp0cnVlLCJjb250ZW50IjoicG9zdF9saW5rX3VybF9wYWdlIiwic2V0dGluZ3MiOnsicG9zdF9pZCI6IjEzNiJ9fQ==@\u00bb use_overlay=\u00bbon\u00bb overlay_icon_color=\u00bbRGBA(255,255,255,0)\u00bb hover_overlay_color=\u00bbrgba(30,30,30,0.8)\u00bb _builder_version=\u00bb4.27.5&#8243; _dynamic_attributes=\u00bburl\u00bb _module_preset=\u00bbdefault\u00bb background_color=\u00bbRGBA(204,204,204,0)\u00bb border_radii=\u00bbon|26px|26px|26px|26px\u00bb global_colors_info=\u00bb{}\u00bb][\/et_pb_image][\/et_pb_column][et_pb_column type=\u00bb1_3&#8243; _builder_version=\u00bb4.27.5&#8243; _module_preset=\u00bbdefault\u00bb global_colors_info=\u00bb{}\u00bb][et_pb_image src=\u00bbhttps:\/\/diegoxiloj.uproyecto.com\/wp-content\/uploads\/2026\/03\/Recurso-3FIndoi-.png\u00bb title_text=\u00bbRecurso 3FIndoi\u00bb url=\u00bb@ET-DC@eyJkeW5hbWljIjp0cnVlLCJjb250ZW50IjoicG9zdF9saW5rX3VybF9wYWdlIiwic2V0dGluZ3MiOnsicG9zdF9pZCI6IjEzOCJ9fQ==@\u00bb use_overlay=\u00bbon\u00bb overlay_icon_color=\u00bbRGBA(255,255,255,0)\u00bb hover_overlay_color=\u00bbrgba(30,30,30,0.8)\u00bb align=\u00bbcenter\u00bb force_fullwidth=\u00bbon\u00bb _builder_version=\u00bb4.27.5&#8243; _dynamic_attributes=\u00bburl\u00bb _module_preset=\u00bbdefault\u00bb module_alignment=\u00bbcenter\u00bb height=\u00bb607px\u00bb max_height=\u00bb998px\u00bb border_radii=\u00bbon|44px|44px|44px|44px\u00bb global_colors_info=\u00bb{}\u00bb][\/et_pb_image][\/et_pb_column][\/et_pb_row][et_pb_row column_structure=\u00bb1_3,2_3&#8243; _builder_version=\u00bb4.27.5&#8243; _module_preset=\u00bbdefault\u00bb width=\u00bb87%\u00bb max_width=\u00bb1400px\u00bb global_colors_info=\u00bb{}\u00bb][et_pb_column type=\u00bb1_3&#8243; _builder_version=\u00bb4.27.5&#8243; _module_preset=\u00bbdefault\u00bb global_colors_info=\u00bb{}\u00bb][et_pb_image src=\u00bbhttps:\/\/diegoxiloj.uproyecto.com\/wp-content\/uploads\/2026\/03\/muck-up-1-scaled.png\u00bb title_text=\u00bbmuck up 1&#8243; url=\u00bb@ET-DC@eyJkeW5hbWljIjp0cnVlLCJjb250ZW50IjoicG9zdF9saW5rX3VybF9wYWdlIiwic2V0dGluZ3MiOnsicG9zdF9pZCI6IjE0MCJ9fQ==@\u00bb use_overlay=\u00bbon\u00bb overlay_icon_color=\u00bbRGBA(255,255,255,0)\u00bb hover_overlay_color=\u00bbrgba(30,30,30,0.8)\u00bb _builder_version=\u00bb4.27.5&#8243; _dynamic_attributes=\u00bburl\u00bb _module_preset=\u00bbdefault\u00bb border_radii=\u00bbon|30px|30px|30px|30px\u00bb global_colors_info=\u00bb{}\u00bb][\/et_pb_image][et_pb_image src=\u00bbhttps:\/\/diegoxiloj.uproyecto.com\/wp-content\/uploads\/2026\/03\/Muck-up-valla-scaled.jpg\u00bb title_text=\u00bbMuck up valla\u00bb url=\u00bb@ET-DC@eyJkeW5hbWljIjp0cnVlLCJjb250ZW50IjoicG9zdF9saW5rX3VybF9wYWdlIiwic2V0dGluZ3MiOnsicG9zdF9pZCI6IjE0NCJ9fQ==@\u00bb use_overlay=\u00bbon\u00bb overlay_icon_color=\u00bbRGBA(255,255,255,0)\u00bb hover_overlay_color=\u00bbrgba(30,30,30,0.8)\u00bb _builder_version=\u00bb4.27.5&#8243; _dynamic_attributes=\u00bburl\u00bb _module_preset=\u00bbdefault\u00bb border_radii=\u00bbon|30px|30px|30px|30px\u00bb global_colors_info=\u00bb{}\u00bb][\/et_pb_image][\/et_pb_column][et_pb_column type=\u00bb2_3&#8243; _builder_version=\u00bb4.27.5&#8243; _module_preset=\u00bbdefault\u00bb global_colors_info=\u00bb{}\u00bb][et_pb_image src=\u00bbhttps:\/\/diegoxiloj.uproyecto.com\/wp-content\/uploads\/2026\/03\/fsdvndkfjbvdkf-scaled.png\u00bb title_text=\u00bbf,sdvndkfjbvdkf\u00bb url=\u00bb@ET-DC@eyJkeW5hbWljIjp0cnVlLCJjb250ZW50IjoicG9zdF9saW5rX3VybF9wYWdlIiwic2V0dGluZ3MiOnsicG9zdF9pZCI6IjE0MiJ9fQ==@\u00bb use_overlay=\u00bbon\u00bb overlay_icon_color=\u00bbRGBA(255,255,255,0)\u00bb hover_overlay_color=\u00bbrgba(30,30,30,0.8)\u00bb _builder_version=\u00bb4.27.5&#8243; _dynamic_attributes=\u00bburl\u00bb _module_preset=\u00bbdefault\u00bb border_radii=\u00bbon|30px|30px|30px|30px\u00bb global_colors_info=\u00bb{}\u00bb][\/et_pb_image][\/et_pb_column][\/et_pb_row][et_pb_row _builder_version=\u00bb4.27.5&#8243; _module_preset=\u00bbdefault\u00bb global_colors_info=\u00bb{}\u00bb][et_pb_column type=\u00bb4_4&#8243; _builder_version=\u00bb4.27.5&#8243; _module_preset=\u00bbdefault\u00bb global_colors_info=\u00bb{}\u00bb][et_pb_button button_url=\u00bb@ET-DC@eyJkeW5hbWljIjp0cnVlLCJjb250ZW50IjoicG9zdF9saW5rX3VybF9wYWdlIiwic2V0dGluZ3MiOnsicG9zdF9pZCI6IjEzIn19@\u00bb button_text=\u00bbMore Work\u00bb button_alignment=\u00bbcenter\u00bb _builder_version=\u00bb4.27.5&#8243; _dynamic_attributes=\u00bbbutton_url\u00bb _module_preset=\u00bbdefault\u00bb custom_button=\u00bbon\u00bb button_text_size=\u00bb23px\u00bb button_text_color=\u00bb#ffffff\u00bb button_bg_color=\u00bb#004BFF\u00bb button_border_width=\u00bb0px\u00bb button_border_color=\u00bbRGBA(204,204,204,0)\u00bb button_use_icon=\u00bboff\u00bb global_colors_info=\u00bb{}\u00bb][\/et_pb_button][\/et_pb_column][\/et_pb_row][\/et_pb_section][et_pb_section fb_built=\u00bb1&#8243; _builder_version=\u00bb4.27.5&#8243; _module_preset=\u00bbdefault\u00bb global_colors_info=\u00bb{}\u00bb][et_pb_row _builder_version=\u00bb4.27.5&#8243; _module_preset=\u00bbdefault\u00bb global_colors_info=\u00bb{}\u00bb][et_pb_column type=\u00bb4_4&#8243; _builder_version=\u00bb4.27.5&#8243; _module_preset=\u00bbdefault\u00bb global_colors_info=\u00bb{}\u00bb][et_pb_heading title=\u00bbMI PROCESO\u00bb _builder_version=\u00bb4.27.5&#8243; _module_preset=\u00bbdefault\u00bb title_font=\u00bbgrosa||||||||\u00bb title_text_align=\u00bbcenter\u00bb title_text_color=\u00bb#DCB8FF\u00bb title_font_size=\u00bb61px\u00bb global_colors_info=\u00bb{}\u00bb][\/et_pb_heading][\/et_pb_column][\/et_pb_row][et_pb_row column_structure=\u00bb1_3,1_3,1_3&#8243; _builder_version=\u00bb4.27.5&#8243; _module_preset=\u00bbdefault\u00bb global_colors_info=\u00bb{}\u00bb][et_pb_column type=\u00bb1_3&#8243; _builder_version=\u00bb4.27.5&#8243; _module_preset=\u00bbdefault\u00bb global_colors_info=\u00bb{}\u00bb][et_pb_blurb title=\u00bbIDENTIDAD\u00bb image=\u00bbhttps:\/\/diegoxiloj.uproyecto.com\/wp-content\/uploads\/2026\/03\/Inicio-sobre-mi-temporal.gif\u00bb _builder_version=\u00bb4.27.5&#8243; _module_preset=\u00bbdefault\u00bb header_font=\u00bbgrosa||||||||\u00bb header_text_color=\u00bb#FF5B23&#8243; header_font_size=\u00bb24px\u00bb body_font=\u00bbMontserrat Alternates||||||||\u00bb text_orientation=\u00bbcenter\u00bb global_colors_info=\u00bb{}\u00bb]<\/p>\n<p style=\"text-align: center;\">Dise\u00f1amos identidades visuales y narrativas que reflejan la esencia de cada marca. No seguimos f\u00f3rmulas r\u00edgidas: adaptamos el proceso a las necesidades \u00fanicas de cada proyecto.<\/p>\n<p>[\/et_pb_blurb][\/et_pb_column][et_pb_column type=\u00bb1_3&#8243; _builder_version=\u00bb4.27.5&#8243; _module_preset=\u00bbdefault\u00bb global_colors_info=\u00bb{}\u00bb][et_pb_blurb title=\u00bbEXPERIENCIA\u00bb image=\u00bbhttps:\/\/diegoxiloj.uproyecto.com\/wp-content\/uploads\/2026\/04\/jdgvnsdlfk-kndsf.png\u00bb _builder_version=\u00bb4.27.5&#8243; _module_preset=\u00bbdefault\u00bb header_font=\u00bbgrosa||||||||\u00bb header_text_color=\u00bb#FF5B23&#8243; header_font_size=\u00bb24px\u00bb body_font=\u00bbMontserrat Alternates||||||||\u00bb text_orientation=\u00bbcenter\u00bb hover_enabled=\u00bb0&#8243; global_colors_info=\u00bb{}\u00bb title_text=\u00bbjdgvnsdlfk kndsf\u00bb sticky_enabled=\u00bb0&#8243;]<\/p>\n<p style=\"text-align: center;\">Activamos tu marca en todos los puntos de contacto, creando experiencias visuales y comunicativas que generan impacto y conexi\u00f3n real con tu audiencia.<\/p>\n<p>[\/et_pb_blurb][\/et_pb_column][et_pb_column type=\u00bb1_3&#8243; _builder_version=\u00bb4.27.5&#8243; _module_preset=\u00bbdefault\u00bb global_colors_info=\u00bb{}\u00bb][et_pb_blurb title=\u00bbCOLABORACION\u00bb image=\u00bbhttps:\/\/diegoxiloj.uproyecto.com\/wp-content\/uploads\/2026\/04\/jddvbajsdbd.png\u00bb _builder_version=\u00bb4.27.5&#8243; _module_preset=\u00bbdefault\u00bb header_font=\u00bbgrosa||||||||\u00bb header_text_color=\u00bb#FF5B23&#8243; header_font_size=\u00bb24px\u00bb body_font=\u00bbMontserrat Alternates||||||||\u00bb text_orientation=\u00bbcenter\u00bb hover_enabled=\u00bb0&#8243; global_colors_info=\u00bb{}\u00bb title_text=\u00bbjddvbajsdbd\u00bb sticky_enabled=\u00bb0&#8243;]<\/p>\n<p style=\"text-align: center;\">Creemos en construir marcas completas y relaciones duraderas. M\u00e1s que un servicio, buscamos ser tu aliado creativo para crecer juntos.<\/p>\n<p>[\/et_pb_blurb][\/et_pb_column][\/et_pb_row][\/et_pb_section][et_pb_section fb_built=\u00bb1&#8243; _builder_version=\u00bb4.27.5&#8243; _module_preset=\u00bbdefault\u00bb background_color=\u00bb#ADE6ED\u00bb global_colors_info=\u00bb{}\u00bb][et_pb_row _builder_version=\u00bb4.27.5&#8243; _module_preset=\u00bbdefault\u00bb global_colors_info=\u00bb{}\u00bb][et_pb_column type=\u00bb4_4&#8243; _builder_version=\u00bb4.27.5&#8243; _module_preset=\u00bbdefault\u00bb global_colors_info=\u00bb{}\u00bb][et_pb_heading title=\u00bbTESTIMONIOS\u00bb _builder_version=\u00bb4.27.5&#8243; _module_preset=\u00bbdefault\u00bb title_font=\u00bbgrosa||||||||\u00bb title_text_color=\u00bb#004BFF\u00bb title_font_size=\u00bb48px\u00bb global_colors_info=\u00bb{}\u00bb][\/et_pb_heading][et_pb_divider color=\u00bb#DCB8FF\u00bb divider_weight=\u00bb3px\u00bb _builder_version=\u00bb4.27.5&#8243; _module_preset=\u00bbdefault\u00bb custom_margin=\u00bb-42px||||false|false\u00bb border_color_all=\u00bb#F2BB06&#8243; global_colors_info=\u00bb{}\u00bb][\/et_pb_divider][\/et_pb_column][\/et_pb_row][et_pb_row _builder_version=\u00bb4.27.5&#8243; _module_preset=\u00bbdefault\u00bb global_colors_info=\u00bb{}\u00bb][et_pb_column type=\u00bb4_4&#8243; _builder_version=\u00bb4.27.5&#8243; _module_preset=\u00bbdefault\u00bb global_colors_info=\u00bb{}\u00bb][ba_testimonial image=\u00bbhttps:\/\/diegoxiloj.uproyecto.com\/wp-content\/uploads\/2026\/03\/WhatsApp-Image-2026-03-24-at-10.53.21-PM.jpeg\u00bb image_alt=\u00bbTestimonial \u00bb name=\u00bbLibny Chuvac Rojas\u00bb title=\u00bbCompa\u00f1era de carrera\u00bb testimonial=\u00bbDiego es un compa\u00f1ero solidario, creativo y responsable. Siempre est\u00e1 dispuesto a ayudar y a colaborar en cualquier trabajo o actividad, aportando ideas y esfuerzo para alcanzar los mejores resultados. Destaca por su actitud positiva y su capacidad para trabajar en equipo, manteniendo un ambiente armonioso y motivador.\u00bb selected_icon=\u00bb2&#8243; ratings_position=\u00bbreviewer\u00bb website_url=\u00bb#\u00bb icon_size=\u00bb21px\u00bb icon_top_spacing=\u00bb16px\u00bb image_width=\u00bb208px\u00bb image_height=\u00bb208px\u00bb ratings_spacing_top=\u00bb14px\u00bb ratings_spacing_bottom=\u00bb9px\u00bb stars_size=\u00bb36px\u00bb stars_color=\u00bb#F2BB06&#8243; name_bottom_spacing=\u00bb10px\u00bb title_bottom_spacing=\u00bb0px\u00bb _builder_version=\u00bb4.27.5&#8243; _module_preset=\u00bbdefault\u00bb name_font=\u00bbgrosa|700|||||||\u00bb name_text_color=\u00bb#004bff\u00bb name_font_size=\u00bb3rem\u00bb title_font=\u00bbMontserrat Subrayada||||||||\u00bb title_text_color=\u00bb#FF5B23&#8243; review_font=\u00bbMontserrat Alternates||||||||\u00bb review_text_color=\u00bb#0a0a0a\u00bb border_radii_image=\u00bbon|160px|160px|160px|160px\u00bb border_color_all_item=\u00bb#004BFF\u00bb global_colors_info=\u00bb{}\u00bb][\/ba_testimonial][\/et_pb_column][\/et_pb_row][\/et_pb_section]<\/p>\n","protected":false},"excerpt":{"rendered":"<p><div class=\"et_pb_module dsm_flipbox dsm_flipbox_0\">\n\t\t\t\t\n\t\t\t\t\n\t\t\t\t\n\t\t\t\t\n\t\t\t\t\n\t\t\t\t\n\t\t\t\t<div class=\"et_pb_module_inner\">\n\t\t\t\t\t<div class=\"dsm-flipbox dsm-flipbox-effect-right dsm_flipbox_hover\"><div class=\"et_pb_module dsm_flipbox_child dsm_flipbox_child_0 et_pb_bg_layout_light  dsm_flipbox_icon_position_top\">\n\t\t\t\t\n\t\t\t\t\n\t\t\t\t\n\t\t\t\t\n\t\t\t\t\n\t\t\t\t\n\t\t\t\t<div class=\"et_pb_module_inner\">\n\t\t\t\t\t\n\t\t\t<div class=\"dsm_flipbox_child_image\"><span class=\"dsm_flipbox_child_image_wrap\"><img decoding=\"async\" src=\"https:\/\/diegoxiloj.uproyecto.com\/wp-content\/uploads\/2026\/03\/Sin-titulo-1.gif\" alt=\"\" \/><\/span><\/div>\n\t\t\t<div class=\"dsm_flipbox_wrapper et_pb_text_align_left\">\n\t\t\t\t\n\t\t\t\t\n\t\t\t\t\n\t\t\t\t\n\t\t\t<\/div>\n\t\t\t\t<\/div>\n\t\t\t<\/div><div class=\"et_pb_module dsm_flipbox_child dsm_flipbox_child_1 et_pb_bg_layout_light  dsm_flipbox_icon_position_top\">\n\t\t\t\t\n\t\t\t\t\n\t\t\t\t\n\t\t\t\t\n\t\t\t\t\n\t\t\t\t\n\t\t\t\t<div class=\"et_pb_module_inner\">\n\t\t\t\t\t\n\t\t\t<div class=\"dsm_flipbox_child_image\"><span class=\"dsm_flipbox_child_image_wrap\"><img decoding=\"async\" src=\"https:\/\/diegoxiloj.uproyecto.com\/wp-content\/uploads\/2026\/03\/Dojjo-ilustracion-1.gif\" alt=\"\" \/><\/span><\/div>\n\t\t\t<div class=\"dsm_flipbox_wrapper et_pb_text_align_left\">\n\t\t\t\t\n\t\t\t\t\n\t\t\t\t\n\t\t\t\t\n\t\t\t<\/div>\n\t\t\t\t<\/div>\n\t\t\t<\/div><\/div>\n\t\t\t\t<\/div>\n\t\t\t<\/div><div class=\"et_pb_module ba_animated_text ba_animated_text_0\">\n\t\t\t\t\n\t\t\t\t\n\t\t\t\t\n\t\t\t\t\n\t\t\t\t\n\t\t\t\t\n\t\t\t\t<div class=\"et_pb_module_inner\">\n\t\t\t\t\t<div id=\"dtq-animated-text-0\" class=\"dtq-module dtq-animated-text dtq-front\" data-settings=\"{&quot;strings&quot;:[&quot;Powerfull&quot;,&quot;Icreible&quot;,&quot;Memorable&quot;],&quot;showCursor&quot;:true,&quot;loop&quot;:true,&quot;typeSpeed&quot;:100,&quot;startDelay&quot;:300,&quot;backSpeed&quot;:50,&quot;backDelay&quot;:500}\" data-type=\"typed\">\n\t\t\t\t<h3 class=\"dtq-animated-text-head\">\n\t\t\t\t\t<div class=\"dtq-animated-text-prefix\"><span>Simple Desing. <\/span>&nbsp;<\/div> <div class=\"dtq-text-animation dtq-animated-text-main dtq-typed-text\"><\/div> <div class=\"dtq-animated-text-suffix\">&nbsp;<span>Brands.<\/span><\/div>\n\t\t\t\t<\/h3>\n\t\t\t<\/div>\n\t\t\t\t<\/div>\n\t\t\t<\/div><div class=\"et_pb_module dsm_text_divider dsm_text_divider_0\">\n\t\t\t\t\n\t\t\t\t\n\t\t\t\t\n\t\t\t\t\n\t\t\t\t\n\t\t\t\t\n\t\t\t\t<div class=\"et_pb_module_inner\">\n\t\t\t\t\t<div class=\"dsm-text-divider-wrapper dsm-text-divider-align-center et_pb_bg_layout_light\">\n\t\t\t\t\n\t\t\t\t\n\t\t\t\t<div class=\"dsm-text-divider-before dsm-divider\"><\/div>\n\t\t\t\t<h3 class=\"dsm-text-divider-header et_pb_module_header\"><span>\u00bbProyects.<\/span><\/h3>\n\t\t\t\t<div class=\"dsm-text-divider-after dsm-divider\"><\/div>\n\t\t\t<\/div>\n\t\t\t\t<\/div>\n\t\t\t<\/div><\/p>\n","protected":false},"author":1,"featured_media":0,"parent":0,"menu_order":0,"comment_status":"closed","ping_status":"closed","template":"","meta":{"_et_pb_use_builder":"on","_et_pb_old_content":"","_et_gb_content_width":"","_joinchat":[],"footnotes":""},"class_list":["post-31","page","type-page","status-publish","hentry"],"_links":{"self":[{"href":"https:\/\/diegoxiloj.uproyecto.com\/index.php?rest_route=\/wp\/v2\/pages\/31","targetHints":{"allow":["GET"]}}],"collection":[{"href":"https:\/\/diegoxiloj.uproyecto.com\/index.php?rest_route=\/wp\/v2\/pages"}],"about":[{"href":"https:\/\/diegoxiloj.uproyecto.com\/index.php?rest_route=\/wp\/v2\/types\/page"}],"author":[{"embeddable":true,"href":"https:\/\/diegoxiloj.uproyecto.com\/index.php?rest_route=\/wp\/v2\/users\/1"}],"replies":[{"embeddable":true,"href":"https:\/\/diegoxiloj.uproyecto.com\/index.php?rest_route=%2Fwp%2Fv2%2Fcomments&post=31"}],"version-history":[{"count":45,"href":"https:\/\/diegoxiloj.uproyecto.com\/index.php?rest_route=\/wp\/v2\/pages\/31\/revisions"}],"predecessor-version":[{"id":271,"href":"https:\/\/diegoxiloj.uproyecto.com\/index.php?rest_route=\/wp\/v2\/pages\/31\/revisions\/271"}],"wp:attachment":[{"href":"https:\/\/diegoxiloj.uproyecto.com\/index.php?rest_route=%2Fwp%2Fv2%2Fmedia&parent=31"}],"curies":[{"name":"wp","href":"https:\/\/api.w.org\/{rel}","templated":true}]}}